{"id":2602,"date":"2021-11-05T09:44:37","date_gmt":"2021-11-05T09:44:37","guid":{"rendered":"https:\/\/coachingsquare.com\/coaching-mentoring-academy\/?page_id=2602"},"modified":"2025-05-15T07:18:14","modified_gmt":"2025-05-15T07:18:14","slug":"conditions-generales-dinscriptions","status":"publish","type":"page","link":"https:\/\/coachingsquare.com\/coaching-mentoring-academy\/conditions-generales-dinscriptions\/","title":{"rendered":"Conditions g\u00e9n\u00e9rales d&rsquo;inscriptions"},"content":{"rendered":"\n\n<section id=\"block-page-hero-block_6185059ccf6f9\" class=\"c-section -hero \">\n  <div class=\"c-hero -half\">\n    <div class=\"c-hero__layer  content \">\n            <img decoding=\"async\" src=\"https:\/\/coachingsquare.com\/coaching-mentoring-academy\/wp-content\/uploads\/sites\/5\/2019\/10\/AdobeStock_211193007-1000x534.jpeg\" data-src=\"https:\/\/coachingsquare.com\/coaching-mentoring-academy\/wp-content\/uploads\/sites\/5\/2019\/10\/AdobeStock_211193007-2000x1069.jpeg\" alt=\"Man using mobile phone while walking on street to office\" class=\"c-hero__thumb lazy\" style=\"object-position: center;\">\n          <\/div>\n    <div class=\"c-hero__inner\">\n      <div class=\"c-hero__content\">\n        <div class=\"container\">\n          <div class=\"row\">\n            <div class=\"col-md-10 col-md-offset-1\">\n                                          <div class=\"c-hero__heading\">\n                <h3><h1>Conditions g\u00e9n\u00e9rales d&rsquo;inscriptions<\/h1><\/h3>\n              <\/div>\n                          <\/div>\n          <\/div>\n        <\/div>\n      <\/div>\n    <\/div>\n  <\/div>\n<\/section>\n<style type=\"text\/css\">\n\n<\/style>\n\n\n\n<p>Toute inscription&nbsp;implique l\u2019acceptation sans r\u00e9serve des pr\u00e9sentes conditions g\u00e9n\u00e9rales qui pr\u00e9valent sur tout&nbsp;autre document client, notamment les&nbsp;conditions&nbsp;g\u00e9n\u00e9rales d\u2019achats.&nbsp;<\/p>\n\n\n\n<ul class=\"wp-block-list\">\n<li><strong>1<\/strong>. Coaching Square&nbsp;Swiss&nbsp;se r\u00e9serve le droit d&rsquo;accepter ou de refuser une candidature ou une inscription.&nbsp; En cas de refus vous serez averti par courrier.&nbsp;<\/li>\n<\/ul>\n\n\n\n<ul start=\"2\" class=\"wp-block-list\">\n<li><strong>2<\/strong>. Votre inscription individuelle est prise en compte par l\u2019institut d\u00e8s r\u00e9ception du bulletin d\u2019inscription (d\u00fbment dat\u00e9 et sign\u00e9). Tout formulaire d&rsquo;inscription doit \u00eatre accompagn\u00e9 d\u2019une preuve du paiement. Pour les formations courtes (3j ou moins) la totalit\u00e9 de la finance d\u2019inscription est due avant le d\u00e9marrage de la formation. Pour les formations longues (4j ou plus), un paiement \u00e9chelonn\u00e9 est possible selon un plan \u00e0 convenir. Dans ce cas, un acompte minimum de 20% doit \u00eatre r\u00e9gl\u00e9 avant le d\u00e9but de la formation.&nbsp; Le paiement de l\u2019acompte signifie que vous vous engagez \u00e0 payer la totalit\u00e9 de la formation.&nbsp;&nbsp;<\/li>\n<\/ul>\n\n\n\n<ul start=\"3\" class=\"wp-block-list\">\n<li><strong>3<\/strong>. Si vous vous inscrivez moins de 15 jours avant le d\u00e9but de la formation ou d&rsquo;un s\u00e9minaire, contactez-nous auparavant par t\u00e9l\u00e9phone.&nbsp;<\/li>\n<\/ul>\n\n\n\n<ul start=\"4\" class=\"wp-block-list\">\n<li><strong>4<\/strong>. Les inscriptions seront prises en compte par ordre d&rsquo;arriv\u00e9e et au moment de la r\u00e9ception du paiement de l\u2019acompte.&nbsp;Si l\u2019effectif maximum est d\u00e9pass\u00e9, une liste d\u2019attente est \u00e9tablie.&nbsp;Vous&nbsp;serez&nbsp;alors&nbsp;inform\u00e9.e&nbsp;dans les plus brefs d\u00e9lais si une place se lib\u00e8re. Dans le cas contraire&nbsp;et&nbsp;avec votre accord, votre inscription est report\u00e9e&nbsp;\u00e0 la session suivante.&nbsp;<\/li>\n<\/ul>\n\n\n\n<ul start=\"5\" class=\"wp-block-list\">\n<li><strong>5<\/strong>. Si vous \u00eates une entreprise ou une institution, nous vous invitons \u00e0 nous contacter directement pour l\u2019inscription de votre employ\u00e9. Puis faites-nous parvenir avant le s\u00e9minaire ou la formation un bon de commande \u00e9manant de votre entreprise ou institution,&nbsp;sp\u00e9cifiant:&nbsp;<br>&#8211; le nom de l&rsquo;entreprise \u00e0 facturer,&nbsp;<br>&#8211; le nom du participant,&nbsp;<br>&#8211; la formation ou le s\u00e9minaire choisi, le lieu et la date,&nbsp;<\/li>\n<\/ul>\n\n\n\n<ul start=\"6\" class=\"wp-block-list\">\n<li><strong>6<\/strong>. Si vous vous inscrivez \u00e0 un cycle, vous vous engagez implicitement \u00e0 aller au bout de celui-ci.&nbsp;<\/li>\n<\/ul>\n\n\n\n<p><strong>7<\/strong>. D\u00e9sistement.&nbsp; Il doit se faire imp\u00e9rativement par email ou par lettre recommand\u00e9e.&nbsp;<\/p>\n\n\n\n<p>En cas de&nbsp;d\u00e9sistement\u202f:&nbsp;<\/p>\n\n\n\n<p>-jusqu\u2019\u00e0&nbsp;30&nbsp;jours&nbsp;avant le d\u00e9marrage de la formation, une indemnit\u00e9 forfaitaire de 250 CHF sera retenue pour frais administratifs.&nbsp;<\/p>\n\n\n\n<p>-moins&nbsp;de 30 jours avant le commencement de la formation,&nbsp;CSSwiss&nbsp;se r\u00e9serve le droit de facturer le 30% du prix de la formation.&nbsp;<\/p>\n\n\n\n<p>-moins&nbsp;de 7 jours&nbsp;avant le d\u00e9marrage de la formation,&nbsp;CSSwiss&nbsp;se r\u00e9serve le droit de facturer le&nbsp;50% du prix de la formation.&nbsp;<\/p>\n\n\n\n<ul class=\"wp-block-list\">\n<li><strong>8<\/strong>. Toute formation entam\u00e9e est due&nbsp;dans sa totalit\u00e9.&nbsp;En cas de d\u00e9sistement pour cause de force majeure, le candidat pourra reprendre ou continuer sa  formation dans un autre cycle sans co\u00fbts suppl\u00e9mentaires.&nbsp;8.Aucune somme n&rsquo;est rembours\u00e9e au candidat inscrit qui ne participe pas \u00e0 la formation sans avoir pr\u00e9alablement annul\u00e9 son inscription selon la forme d\u00e9crite&nbsp;au&nbsp;paragraphe&nbsp;7&nbsp;ci-dessus.&nbsp;<\/li>\n<\/ul>\n\n\n\n<ul start=\"9\" class=\"wp-block-list\">\n<li><strong>9.<\/strong> En cas de nombre insuffisant d\u2019inscrits, une session peut \u00eatre&nbsp;report\u00e9e&nbsp;10&nbsp;jours avant le&nbsp;d\u00e9but&nbsp;de la formation.&nbsp;Dans ce cas, l\u2019acompte reste acquis&nbsp;pour la nouvelle date.&nbsp;En outre, la formation peut \u00eatre annul\u00e9e en tout temps pour cause de force majeure. Les candidats en seront avertis par \u00e9crit et toute&nbsp;somme vers\u00e9e \u00e0 titre de participation \u00e0 la formation leur sera int\u00e9gralement rembours\u00e9e. Cependant, tous les \u00e9ventuels frais suppl\u00e9mentaires subis par les candidats en raison de l&rsquo;annulation de la formation ne&nbsp;peuvent \u00eatre r\u00e9clam\u00e9s \u00e0&nbsp;Coaching Square&nbsp;Swiss.&nbsp;<\/li>\n<\/ul>\n\n\n\n<ul start=\"10\" class=\"wp-block-list\">\n<li><strong>10.<\/strong> L&rsquo;inscription \u00e0 une activit\u00e9 de Coaching Square&nbsp;Swiss&nbsp;implique l&rsquo;adh\u00e9sion aux r\u00e8gles de fonctionnement et \u00e0 une charte de l\u2019apprentissage que le participant sera invit\u00e9 \u00e0 signer en d\u00e9but de formation. Les formateurs de&nbsp;CSSwiss&nbsp;se r\u00e9servent le droit de renvoyer sans pr\u00e9avis un participant qui ne respecterait pas la dignit\u00e9 et\/ou l&rsquo;int\u00e9grit\u00e9 des autres participants.&nbsp;<\/li>\n<\/ul>\n\n\n\n<ul start=\"11\" class=\"wp-block-list\">\n<li><strong>11.<\/strong> Les tarifs indiqu\u00e9s sont entendus hors TVA. A noter que\u00a0les\u00a0formations\u00a0annonc\u00e9es sur notre site internet\u00a0et\u00a0d\u00e9livr\u00e9es\u00a0dans\u00a0nos\u00a0locaux\u00a0ne sont pas\u00a0assujetties\u00a0\u00e0 la TVA.\u00a0<\/li>\n<\/ul>\n\n\n\n<ul class=\"wp-block-list\">\n<li>\u00a0<strong>12.<\/strong> En d\u00e9pit des efforts que nous faisons pour rendre votre exp\u00e9rience de formation unique chez nous, il se pourrait que vous ayez une r\u00e9clamation \u00e0 formuler \u00e0 CSS\u202f: dans ce cas nous vous invitons \u00e0 le faire en adressant un email \u00e0 <a href=\"mailto:css@coachingsquare.com\" target=\"_blank\" rel=\"noreferrer noopener\">css@coachingsquare.com<\/a> ou au programme leader de votre formation. Nous y r\u00e9pondrons par email dans les plus brefs d\u00e9lais, apr\u00e8s avoir analys\u00e9 votre r\u00e9clamation en s\u00e9ance hebdomadaire\u00a0<\/li>\n<\/ul>\n\n\n\n<ul start=\"11\" class=\"wp-block-list\"><\/ul>\n\n\n\n<p><strong>Les tribunaux du Canton de Neuch\u00e2tel sont exclusivement comp\u00e9tents pour conna\u00eetre de tout litige r\u00e9sultant des pr\u00e9sentes conditions g\u00e9n\u00e9rales. Le droit suisse est applicable.<\/strong>&nbsp;<\/p>\n\n\n\n<p>Neuch\u00e2tel,\u00a0avril 2025\u00a0<\/p>\n","protected":false},"excerpt":{"rendered":"<p>Toute inscription&nbsp;implique l\u2019acceptation sans r\u00e9serve des pr\u00e9sentes conditions g\u00e9n\u00e9rales qui pr\u00e9valent sur tout&nbsp;autre document client, notamment les&nbsp;conditions&nbsp;g\u00e9n\u00e9rales d\u2019achats.&nbsp; 7. D\u00e9sistement.&nbsp;&#8230;<\/p>\n","protected":false},"author":8,"featured_media":0,"parent":0,"menu_order":0,"comment_status":"closed","ping_status":"closed","template":"","meta":{"footnotes":""},"class_list":["post-2602","page","type-page","status-publish","hentry"],"yoast_head":"<!-- This site is optimized with the Yoast SEO Premium plugin v22.9 (Yoast SEO v22.9) - https:\/\/yoast.com\/wordpress\/plugins\/seo\/ -->\n<title>Conditions g\u00e9n\u00e9rales d&#039;inscriptions<\/title>\n<meta name=\"description\" content=\"Merci de consulter nos conditions g\u00e9n\u00e9rales d&#039;inscriptions, nous sommes a votre \u00e9coute\" \/>\n<meta name=\"robots\" content=\"index, follow, max-snippet:-1, max-image-preview:large, max-video-preview:-1\" \/>\n<link rel=\"canonical\" href=\"https:\/\/coachingsquare.com\/coaching-mentoring-academy\/conditions-generales-dinscriptions\/\" \/>\n<meta property=\"og:locale\" content=\"fr_FR\" \/>\n<meta property=\"og:type\" content=\"article\" \/>\n<meta property=\"og:title\" content=\"Conditions g\u00e9n\u00e9rales d&#039;inscriptions\" \/>\n<meta property=\"og:description\" content=\"Merci de consulter nos conditions g\u00e9n\u00e9rales d&#039;inscriptions, nous sommes a votre \u00e9coute\" \/>\n<meta property=\"og:url\" content=\"https:\/\/coachingsquare.com\/coaching-mentoring-academy\/conditions-generales-dinscriptions\/\" \/>\n<meta property=\"og:site_name\" content=\"Je deviens Coach professionnel\" \/>\n<meta property=\"article:publisher\" content=\"https:\/\/www.facebook.com\/CoachingSquareSwiss\/\" \/>\n<meta property=\"article:modified_time\" content=\"2025-05-15T07:18:14+00:00\" \/>\n<meta name=\"twitter:card\" content=\"summary_large_image\" \/>\n<meta name=\"twitter:label1\" content=\"Dur\u00e9e de lecture estim\u00e9e\" \/>\n\t<meta name=\"twitter:data1\" content=\"4 minutes\" \/>\n<script type=\"application\/ld+json\" class=\"yoast-schema-graph\">{\"@context\":\"https:\/\/schema.org\",\"@graph\":[{\"@type\":\"WebPage\",\"@id\":\"https:\/\/coachingsquare.com\/coaching-mentoring-academy\/conditions-generales-dinscriptions\/\",\"url\":\"https:\/\/coachingsquare.com\/coaching-mentoring-academy\/conditions-generales-dinscriptions\/\",\"name\":\"Conditions g\u00e9n\u00e9rales d'inscriptions\",\"isPartOf\":{\"@id\":\"https:\/\/coachingsquare.com\/coaching-mentoring-academy\/#website\"},\"datePublished\":\"2021-11-05T09:44:37+00:00\",\"dateModified\":\"2025-05-15T07:18:14+00:00\",\"description\":\"Merci de consulter nos conditions g\u00e9n\u00e9rales d'inscriptions, nous sommes a votre \u00e9coute\",\"breadcrumb\":{\"@id\":\"https:\/\/coachingsquare.com\/coaching-mentoring-academy\/conditions-generales-dinscriptions\/#breadcrumb\"},\"inLanguage\":\"fr-FR\",\"potentialAction\":[{\"@type\":\"ReadAction\",\"target\":[\"https:\/\/coachingsquare.com\/coaching-mentoring-academy\/conditions-generales-dinscriptions\/\"]}]},{\"@type\":\"BreadcrumbList\",\"@id\":\"https:\/\/coachingsquare.com\/coaching-mentoring-academy\/conditions-generales-dinscriptions\/#breadcrumb\",\"itemListElement\":[{\"@type\":\"ListItem\",\"position\":1,\"name\":\"Home\",\"item\":\"https:\/\/coachingsquare.com\/coaching-mentoring-academy\/\"},{\"@type\":\"ListItem\",\"position\":2,\"name\":\"Conditions g\u00e9n\u00e9rales d&rsquo;inscriptions\"}]},{\"@type\":\"WebSite\",\"@id\":\"https:\/\/coachingsquare.com\/coaching-mentoring-academy\/#website\",\"url\":\"https:\/\/coachingsquare.com\/coaching-mentoring-academy\/\",\"name\":\"Je deviens Coach professionnel\",\"description\":\"Je deviens Coach professionnel\",\"publisher\":{\"@id\":\"https:\/\/coachingsquare.com\/coaching-mentoring-academy\/#organization\"},\"potentialAction\":[{\"@type\":\"SearchAction\",\"target\":{\"@type\":\"EntryPoint\",\"urlTemplate\":\"https:\/\/coachingsquare.com\/coaching-mentoring-academy\/?s={search_term_string}\"},\"query-input\":\"required name=search_term_string\"}],\"inLanguage\":\"fr-FR\"},{\"@type\":\"Organization\",\"@id\":\"https:\/\/coachingsquare.com\/coaching-mentoring-academy\/#organization\",\"name\":\"Coaching square Swiss\",\"url\":\"https:\/\/coachingsquare.com\/coaching-mentoring-academy\/\",\"logo\":{\"@type\":\"ImageObject\",\"inLanguage\":\"fr-FR\",\"@id\":\"https:\/\/coachingsquare.com\/coaching-mentoring-academy\/#\/schema\/logo\/image\/\",\"url\":\"https:\/\/coachingsquare.com\/coaching-mentoring-academy\/wp-content\/uploads\/sites\/5\/2021\/12\/BAT-NEW-LogoCSS-Horiz-vect-2.jpg\",\"contentUrl\":\"https:\/\/coachingsquare.com\/coaching-mentoring-academy\/wp-content\/uploads\/sites\/5\/2021\/12\/BAT-NEW-LogoCSS-Horiz-vect-2.jpg\",\"width\":1181,\"height\":516,\"caption\":\"Coaching square Swiss\"},\"image\":{\"@id\":\"https:\/\/coachingsquare.com\/coaching-mentoring-academy\/#\/schema\/logo\/image\/\"},\"sameAs\":[\"https:\/\/www.facebook.com\/CoachingSquareSwiss\/\",\"https:\/\/www.linkedin.com\/company\/coaching-square-swiss\/?viewAsMember=true\"]}]}<\/script>\n<!-- \/ Yoast SEO Premium plugin. -->","yoast_head_json":{"title":"Conditions g\u00e9n\u00e9rales d'inscriptions","description":"Merci de consulter nos conditions g\u00e9n\u00e9rales d'inscriptions, nous sommes a votre \u00e9coute","robots":{"index":"index","follow":"follow","max-snippet":"max-snippet:-1","max-image-preview":"max-image-preview:large","max-video-preview":"max-video-preview:-1"},"canonical":"https:\/\/coachingsquare.com\/coaching-mentoring-academy\/conditions-generales-dinscriptions\/","og_locale":"fr_FR","og_type":"article","og_title":"Conditions g\u00e9n\u00e9rales d'inscriptions","og_description":"Merci de consulter nos conditions g\u00e9n\u00e9rales d'inscriptions, nous sommes a votre \u00e9coute","og_url":"https:\/\/coachingsquare.com\/coaching-mentoring-academy\/conditions-generales-dinscriptions\/","og_site_name":"Je deviens Coach professionnel","article_publisher":"https:\/\/www.facebook.com\/CoachingSquareSwiss\/","article_modified_time":"2025-05-15T07:18:14+00:00","twitter_card":"summary_large_image","twitter_misc":{"Dur\u00e9e de lecture estim\u00e9e":"4 minutes"},"schema":{"@context":"https:\/\/schema.org","@graph":[{"@type":"WebPage","@id":"https:\/\/coachingsquare.com\/coaching-mentoring-academy\/conditions-generales-dinscriptions\/","url":"https:\/\/coachingsquare.com\/coaching-mentoring-academy\/conditions-generales-dinscriptions\/","name":"Conditions g\u00e9n\u00e9rales d'inscriptions","isPartOf":{"@id":"https:\/\/coachingsquare.com\/coaching-mentoring-academy\/#website"},"datePublished":"2021-11-05T09:44:37+00:00","dateModified":"2025-05-15T07:18:14+00:00","description":"Merci de consulter nos conditions g\u00e9n\u00e9rales d'inscriptions, nous sommes a votre \u00e9coute","breadcrumb":{"@id":"https:\/\/coachingsquare.com\/coaching-mentoring-academy\/conditions-generales-dinscriptions\/#breadcrumb"},"inLanguage":"fr-FR","potentialAction":[{"@type":"ReadAction","target":["https:\/\/coachingsquare.com\/coaching-mentoring-academy\/conditions-generales-dinscriptions\/"]}]},{"@type":"BreadcrumbList","@id":"https:\/\/coachingsquare.com\/coaching-mentoring-academy\/conditions-generales-dinscriptions\/#breadcrumb","itemListElement":[{"@type":"ListItem","position":1,"name":"Home","item":"https:\/\/coachingsquare.com\/coaching-mentoring-academy\/"},{"@type":"ListItem","position":2,"name":"Conditions g\u00e9n\u00e9rales d&rsquo;inscriptions"}]},{"@type":"WebSite","@id":"https:\/\/coachingsquare.com\/coaching-mentoring-academy\/#website","url":"https:\/\/coachingsquare.com\/coaching-mentoring-academy\/","name":"Je deviens Coach professionnel","description":"Je deviens Coach professionnel","publisher":{"@id":"https:\/\/coachingsquare.com\/coaching-mentoring-academy\/#organization"},"potentialAction":[{"@type":"SearchAction","target":{"@type":"EntryPoint","urlTemplate":"https:\/\/coachingsquare.com\/coaching-mentoring-academy\/?s={search_term_string}"},"query-input":"required name=search_term_string"}],"inLanguage":"fr-FR"},{"@type":"Organization","@id":"https:\/\/coachingsquare.com\/coaching-mentoring-academy\/#organization","name":"Coaching square Swiss","url":"https:\/\/coachingsquare.com\/coaching-mentoring-academy\/","logo":{"@type":"ImageObject","inLanguage":"fr-FR","@id":"https:\/\/coachingsquare.com\/coaching-mentoring-academy\/#\/schema\/logo\/image\/","url":"https:\/\/coachingsquare.com\/coaching-mentoring-academy\/wp-content\/uploads\/sites\/5\/2021\/12\/BAT-NEW-LogoCSS-Horiz-vect-2.jpg","contentUrl":"https:\/\/coachingsquare.com\/coaching-mentoring-academy\/wp-content\/uploads\/sites\/5\/2021\/12\/BAT-NEW-LogoCSS-Horiz-vect-2.jpg","width":1181,"height":516,"caption":"Coaching square Swiss"},"image":{"@id":"https:\/\/coachingsquare.com\/coaching-mentoring-academy\/#\/schema\/logo\/image\/"},"sameAs":["https:\/\/www.facebook.com\/CoachingSquareSwiss\/","https:\/\/www.linkedin.com\/company\/coaching-square-swiss\/?viewAsMember=true"]}]}},"_links":{"self":[{"href":"https:\/\/coachingsquare.com\/coaching-mentoring-academy\/wp-json\/wp\/v2\/pages\/2602","targetHints":{"allow":["GET"]}}],"collection":[{"href":"https:\/\/coachingsquare.com\/coaching-mentoring-academy\/wp-json\/wp\/v2\/pages"}],"about":[{"href":"https:\/\/coachingsquare.com\/coaching-mentoring-academy\/wp-json\/wp\/v2\/types\/page"}],"author":[{"embeddable":true,"href":"https:\/\/coachingsquare.com\/coaching-mentoring-academy\/wp-json\/wp\/v2\/users\/8"}],"replies":[{"embeddable":true,"href":"https:\/\/coachingsquare.com\/coaching-mentoring-academy\/wp-json\/wp\/v2\/comments?post=2602"}],"version-history":[{"count":0,"href":"https:\/\/coachingsquare.com\/coaching-mentoring-academy\/wp-json\/wp\/v2\/pages\/2602\/revisions"}],"wp:attachment":[{"href":"https:\/\/coachingsquare.com\/coaching-mentoring-academy\/wp-json\/wp\/v2\/media?parent=2602"}],"curies":[{"name":"wp","href":"https:\/\/api.w.org\/{rel}","templated":true}]}}